{"id":41225,"date":"2024-09-05T15:14:33","date_gmt":"2024-09-05T12:14:33","guid":{"rendered":"https:\/\/pellet2024.alfapellet.gr\/?page_id=41225"},"modified":"2024-09-05T15:15:53","modified_gmt":"2024-09-05T12:15:53","slug":"poioita-pellet","status":"publish","type":"page","link":"https:\/\/alfapellet.gr\/fr\/poioita-pellet\/","title":{"rendered":"Qualit\u00e9"},"content":{"rendered":"<div data-elementor-type=\"wp-page\" data-elementor-id=\"41225\" class=\"elementor elementor-41225\" data-elementor-post-type=\"page\">\n\t\t\t\t<div class=\"elementor-element elementor-element-914d64e e-flex e-con-boxed e-con e-parent\" data-id=\"914d64e\" data-element_type=\"container\" data-e-type=\"container\">\n\t\t\t\t\t<div class=\"e-con-inner\">\n\t\t<div class=\"elementor-element elementor-element-da2f0f5 e-con-full e-flex e-con e-child\" data-id=\"da2f0f5\" data-element_type=\"container\" data-e-type=\"container\">\n\t\t\t\t<div class=\"elementor-element elementor-element-9790ab5 lte-heading-style-header-subheader lte-heading-align-tablet-center lte-watermark-offset-1 elementor-widget elementor-widget-lte-header\" data-id=\"9790ab5\" data-element_type=\"widget\" data-e-type=\"widget\" data-widget_type=\"lte-header.default\">\n\t\t\t\t<div class=\"elementor-widget-container\">\n\t\t\t\t\t<div class=\"lte-heading lte-style-header-subheader lte-subcolor-second has-subheader heading-tag-h2 heading-subtag-h6\"><div class=\"lte-heading-content\"><h6 class=\"lte-subheader\">Qualit\u00e9 des pellets<\/h6><h2 class=\"lte-header\">Qualit\u00e9 des pellets<\/h2><\/div><\/div>\t\t\t\t<\/div>\n\t\t\t\t<\/div>\n\t\t\t\t<div class=\"elementor-element elementor-element-4d332cc elementor-widget__width-initial elementor-widget-laptop__width-inherit elementor-widget elementor-widget-text-editor\" data-id=\"4d332cc\" data-element_type=\"widget\" data-e-type=\"widget\" data-widget_type=\"text-editor.default\">\n\t\t\t\t<div class=\"elementor-widget-container\">\n\t\t\t\t\t\t\t\t\t<p><strong>Tous les pellets et briquettes ne sont pas identiques.<\/strong><\/p><p>Les diff\u00e9rences de qualit\u00e9 peuvent \u00eatre \u00e9normes et avoir des cons\u00e9quences tr\u00e8s graves sur le fonctionnement des syst\u00e8mes de chauffage.<\/p><p>La qualit\u00e9 du Groupe Alfa Wood s&#039;oriente vers les sp\u00e9cifications de qualit\u00e9 des normes les plus \u00e9lev\u00e9es, c&#039;est pourquoi nous pr\u00e9tendons fournir au march\u00e9 des pellets et des briquettes qui garantissent la meilleure mani\u00e8re de chauffer de mani\u00e8re extr\u00eamement \u00e9conomique et fiable sans probl\u00e8mes.<\/p><p>La qualit\u00e9 a \u00e9t\u00e9 test\u00e9e et plus de 4 mois avant d&#039;arriver au processus de production actuel.<\/p><p>Le produit final est contr\u00f4l\u00e9 tout au long du processus de production en termes de teneur en poussi\u00e8re, d&#039;humidit\u00e9, de friction et de densit\u00e9 afin que nous puissions \u00eatre s\u00fbrs de la qualit\u00e9 \u00e9lev\u00e9e et stable du produit quittant l&#039;usine.<\/p><div class=\"articleBody\"><p><strong>Les points auxquels le consommateur doit pr\u00eater attention sont les suivants\u00a0:<\/strong><\/p><ul><li>Une teneur \u00e9lev\u00e9e en humidit\u00e9 augmente les co\u00fbts de chauffage.<\/li><li>La faible teneur en cendres assure une meilleure combustion et donc moins d&#039;entretien.<\/li><li>Une densit\u00e9 plus \u00e9lev\u00e9e cr\u00e9e les conditions d&#039;un \u00e9coulement sans probl\u00e8me dans le br\u00fbleur et signifie une densit\u00e9 d&#039;\u00e9nergie plus \u00e9lev\u00e9e.<\/li><\/ul><\/div>\t\t\t\t\t\t\t\t<\/div>\n\t\t\t\t<\/div>\n\t\t<div class=\"elementor-element elementor-element-c9296d4 e-con-full e-flex e-con e-child\" data-id=\"c9296d4\" data-element_type=\"container\" data-e-type=\"container\">\n\t\t\t\t<div class=\"elementor-element elementor-element-de72c51 lte-btn-inline-yes elementor-widget__width-auto elementor-widget elementor-widget-lte-button\" data-id=\"de72c51\" data-element_type=\"widget\" data-e-type=\"widget\" data-widget_type=\"lte-button.default\">\n\t\t\t\t<div class=\"elementor-widget-container\">\n\t\t\t\t\t<div class=\"lte-btn-wrap\">\r\n\t<a href=\"https:\/\/alfapellet.gr\/fr\/form-pellet-briquette\/\"  class=\"lte-btn btn-lg color-hover-black\"><span class=\"lte-btn-inner\"><span class=\"lte-btn-before\"><\/span>Formulaire d&#039;int\u00e9r\u00eat<span class=\"lte-btn-after\"><\/span><\/span><\/a><\/div>\t\t\t\t<\/div>\n\t\t\t\t<\/div>\n\t\t\t\t<div class=\"elementor-element elementor-element-2b7835a lte-btn-inline-yes elementor-widget__width-auto elementor-widget elementor-widget-lte-button\" data-id=\"2b7835a\" data-element_type=\"widget\" data-e-type=\"widget\" data-widget_type=\"lte-button.default\">\n\t\t\t\t<div class=\"elementor-widget-container\">\n\t\t\t\t\t<div class=\"lte-btn-wrap\">\r\n\t<a href=\"tel:801%20700%207273\"  class=\"lte-btn btn-lg btn-transparent color-hover-main hasIcon\"><span class=\"lte-btn-inner\"><span class=\"lte-btn-before\"><\/span><span class=\"lte-icon\"><i aria-hidden=\"true\" class=\"icon icon-phone-1\"><\/i><\/span>801 700 7273<span class=\"lte-btn-after\"><\/span><\/span><\/a><\/div>\t\t\t\t<\/div>\n\t\t\t\t<\/div>\n\t\t\t\t<\/div>\n\t\t\t\t<\/div>\n\t\t<div class=\"elementor-element elementor-element-b998c8d e-con-full e-flex e-con e-child\" data-id=\"b998c8d\" data-element_type=\"container\" data-e-type=\"container\">\n\t\t\t\t<div class=\"elementor-element elementor-element-5e02374 animated-slow lte-animation-speed-slow elementor-invisible elementor-widget elementor-widget-image\" data-id=\"5e02374\" data-element_type=\"widget\" data-e-type=\"widget\" data-settings=\"{&quot;_animation&quot;:&quot;fadeIn&quot;}\" data-widget_type=\"image.default\">\n\t\t\t\t<div class=\"elementor-widget-container\">\n\t\t\t\t\t\t\t\t\t\t\t\t\t\t\t<img decoding=\"async\" src=\"https:\/\/alfapellet.gr\/wp-content\/uploads\/elementor\/thumbs\/pellet-prosfora-qtnd65u3647e618u6bv3nhekbzm8hz7c2w9bp78pzs.jpg\" title=\"pellet-prosfora\" alt=\"pellet-prosfora\" loading=\"lazy\" \/>\t\t\t\t\t\t\t\t\t\t\t\t\t\t\t<\/div>\n\t\t\t\t<\/div>\n\t\t\t\t<div class=\"elementor-element elementor-element-fa0fd19 animated-slow lte-animation-speed-slow elementor-invisible elementor-widget elementor-widget-image\" data-id=\"fa0fd19\" data-element_type=\"widget\" data-e-type=\"widget\" data-settings=\"{&quot;_animation&quot;:&quot;fadeInRight&quot;}\" data-widget_type=\"image.default\">\n\t\t\t\t<div class=\"elementor-widget-container\">\n\t\t\t\t\t\t\t\t\t\t\t\t\t\t\t<img decoding=\"async\" src=\"https:\/\/alfapellet.gr\/wp-content\/uploads\/elementor\/thumbs\/pellet-technical-qtnd69lfxgcjgh3dkdhlxggepj3pcrm9fev9mb35aw.jpg\" title=\"technique des pellets\" alt=\"pellet-technical\" loading=\"lazy\" \/>\t\t\t\t\t\t\t\t\t\t\t\t\t\t\t<\/div>\n\t\t\t\t<\/div>\n\t\t\t\t<\/div>\n\t\t\t\t\t<\/div>\n\t\t\t\t<\/div>\n\t\t\t\t<\/div>","protected":false},"excerpt":{"rendered":"<p>Pellet Quallity \u03a0\u03bf\u03b9\u03cc\u03c4\u03b7\u03c4\u03b1 \u03a0\u03ad\u03bb\u03bb\u03b5\u03c4 \u038c\u03bb\u03b1 \u03c4\u03b1 pellets \u03ba\u03b1\u03b9 \u03bf\u03b9 \u03bc\u03c0\u03c1\u03b9\u03ba\u03ad\u03c4\u03b5\u03c2 \u03b4\u03b5\u03bd \u03b5\u03af\u03bd\u03b1\u03b9 \u03af\u03b4\u03b9\u03b1. \u039f\u03b9 \u03c0\u03bf\u03b9\u03bf\u03c4\u03b9\u03ba\u03ad\u03c2 \u03b4\u03b9\u03b1\u03c6\u03bf\u03c1\u03ad\u03c2 \u03bc\u03c0\u03bf\u03c1\u03b5\u03af \u03bd\u03b1 \u03b5\u03af\u03bd\u03b1\u03b9 \u03c4\u03b5\u03c1\u03ac\u03c3\u03c4\u03b9\u03b5\u03c2 \u03bc\u03b5 \u03c3\u03bf\u03b2\u03b1\u03c1\u03cc\u03c4\u03b1\u03c4\u03b5\u03c2 \u03c3\u03c5\u03bd\u03ad\u03c0\u03b5\u03b9\u03b5\u03c2 \u03b3\u03b9\u03b1 \u03c4\u03b7 \u03bb\u03b5\u03b9\u03c4\u03bf\u03c5\u03c1\u03b3\u03af\u03b1 \u03c4\u03c9\u03bd \u03c3\u03c5\u03c3\u03c4\u03b7\u03bc\u03ac\u03c4\u03c9\u03bd \u03b8\u03ad\u03c1\u03bc\u03b1\u03bd\u03c3\u03b7\u03c2. \u0397 \u03c0\u03bf\u03b9\u03cc\u03c4\u03b7\u03c4\u03b1 \u03c4\u03bf\u03c5 \u03bf\u03bc\u03af\u03bb\u03bf\u03c5 Alfa Wood Group \u03ba\u03b9\u03bd\u03b5\u03af\u03c4\u03b1\u03b9 \u03c3\u03c4\u03b9\u03c2 \u03c0\u03c1\u03bf\u03b4\u03b9\u03b1\u03b3\u03c1\u03b1\u03c6\u03ad\u03c2 \u03c0\u03bf\u03b9\u03cc\u03c4\u03b7\u03c4\u03b1\u03c2 \u03c4\u03c9\u03bd \u03c5\u03c8\u03b7\u03bb\u03cc\u03c4\u03b5\u03c1\u03c9\u03bd \u03c0\u03c1\u03bf\u03c4\u03cd\u03c0\u03c9\u03bd, \u03b3\u03b9&#8217; \u0391\u03c5\u03c4\u03cc \u03c4\u03bf \u03bb\u03cc\u03b3\u03bf \u03b9\u03c3\u03c7\u03c5\u03c1\u03b9\u03b6\u03cc\u03bc\u03b1\u03c3\u03c4\u03b5 \u03cc\u03c4\u03b9 \u03c0\u03b1\u03c1\u03ad\u03c7\u03bf\u03c5\u03bc\u03b5 \u03c3\u03c4\u03b7\u03bd \u03b1\u03b3\u03bf\u03c1\u03ac pellets \u03ba\u03b1\u03b9 \u03bc\u03c0\u03c1\u03b9\u03ba\u03ad\u03c4\u03b5\u03c2 [&hellip;]<\/p>\n","protected":false},"author":1,"featured_media":0,"parent":0,"menu_order":0,"comment_status":"closed","ping_status":"closed","template":"page-templates\/full-width.php","meta":{"footnotes":""},"class_list":["post-41225","page","type-page","status-publish","hentry"],"yoast_head":"<!-- This site is optimized with the Yoast SEO plugin v27.0 - https:\/\/yoast.com\/product\/yoast-seo-wordpress\/ -->\n<title>\u03a0\u03bf\u03b9\u03cc\u03c4\u03b7\u03c4\u03b1 - \u03a0\u03ad\u03bb\u03bb\u03b5\u03c4 \u039e\u03cd\u03bb\u03bf\u03c5 - \u039c\u03c0\u03c1\u03b9\u03ba\u03ad\u03c4\u03b1 \u0395\u03c1\u03b3\u03bf\u03c3\u03c4\u03ac\u03c3\u03b9\u03bf<\/title>\n<meta name=\"robots\" content=\"index, follow, max-snippet:-1, max-image-preview:large, max-video-preview:-1\" \/>\n<link rel=\"canonical\" href=\"https:\/\/alfapellet.gr\/fr\/poioita-pellet\/\" \/>\n<meta property=\"og:locale\" content=\"fr_FR\" \/>\n<meta property=\"og:type\" content=\"article\" \/>\n<meta property=\"og:title\" content=\"\u03a0\u03bf\u03b9\u03cc\u03c4\u03b7\u03c4\u03b1 - \u03a0\u03ad\u03bb\u03bb\u03b5\u03c4 \u039e\u03cd\u03bb\u03bf\u03c5 - \u039c\u03c0\u03c1\u03b9\u03ba\u03ad\u03c4\u03b1 \u0395\u03c1\u03b3\u03bf\u03c3\u03c4\u03ac\u03c3\u03b9\u03bf\" \/>\n<meta property=\"og:description\" content=\"Pellet Quallity \u03a0\u03bf\u03b9\u03cc\u03c4\u03b7\u03c4\u03b1 \u03a0\u03ad\u03bb\u03bb\u03b5\u03c4 \u038c\u03bb\u03b1 \u03c4\u03b1 pellets \u03ba\u03b1\u03b9 \u03bf\u03b9 \u03bc\u03c0\u03c1\u03b9\u03ba\u03ad\u03c4\u03b5\u03c2 \u03b4\u03b5\u03bd \u03b5\u03af\u03bd\u03b1\u03b9 \u03af\u03b4\u03b9\u03b1. \u039f\u03b9 \u03c0\u03bf\u03b9\u03bf\u03c4\u03b9\u03ba\u03ad\u03c2 \u03b4\u03b9\u03b1\u03c6\u03bf\u03c1\u03ad\u03c2 \u03bc\u03c0\u03bf\u03c1\u03b5\u03af \u03bd\u03b1 \u03b5\u03af\u03bd\u03b1\u03b9 \u03c4\u03b5\u03c1\u03ac\u03c3\u03c4\u03b9\u03b5\u03c2 \u03bc\u03b5 \u03c3\u03bf\u03b2\u03b1\u03c1\u03cc\u03c4\u03b1\u03c4\u03b5\u03c2 \u03c3\u03c5\u03bd\u03ad\u03c0\u03b5\u03b9\u03b5\u03c2 \u03b3\u03b9\u03b1 \u03c4\u03b7 \u03bb\u03b5\u03b9\u03c4\u03bf\u03c5\u03c1\u03b3\u03af\u03b1 \u03c4\u03c9\u03bd \u03c3\u03c5\u03c3\u03c4\u03b7\u03bc\u03ac\u03c4\u03c9\u03bd \u03b8\u03ad\u03c1\u03bc\u03b1\u03bd\u03c3\u03b7\u03c2. \u0397 \u03c0\u03bf\u03b9\u03cc\u03c4\u03b7\u03c4\u03b1 \u03c4\u03bf\u03c5 \u03bf\u03bc\u03af\u03bb\u03bf\u03c5 Alfa Wood Group \u03ba\u03b9\u03bd\u03b5\u03af\u03c4\u03b1\u03b9 \u03c3\u03c4\u03b9\u03c2 \u03c0\u03c1\u03bf\u03b4\u03b9\u03b1\u03b3\u03c1\u03b1\u03c6\u03ad\u03c2 \u03c0\u03bf\u03b9\u03cc\u03c4\u03b7\u03c4\u03b1\u03c2 \u03c4\u03c9\u03bd \u03c5\u03c8\u03b7\u03bb\u03cc\u03c4\u03b5\u03c1\u03c9\u03bd \u03c0\u03c1\u03bf\u03c4\u03cd\u03c0\u03c9\u03bd, \u03b3\u03b9&#8217; \u0391\u03c5\u03c4\u03cc \u03c4\u03bf \u03bb\u03cc\u03b3\u03bf \u03b9\u03c3\u03c7\u03c5\u03c1\u03b9\u03b6\u03cc\u03bc\u03b1\u03c3\u03c4\u03b5 \u03cc\u03c4\u03b9 \u03c0\u03b1\u03c1\u03ad\u03c7\u03bf\u03c5\u03bc\u03b5 \u03c3\u03c4\u03b7\u03bd \u03b1\u03b3\u03bf\u03c1\u03ac pellets \u03ba\u03b1\u03b9 \u03bc\u03c0\u03c1\u03b9\u03ba\u03ad\u03c4\u03b5\u03c2 [&hellip;]\" \/>\n<meta property=\"og:url\" content=\"https:\/\/alfapellet.gr\/fr\/poioita-pellet\/\" \/>\n<meta property=\"og:site_name\" content=\"\u03a0\u03ad\u03bb\u03bb\u03b5\u03c4 \u039e\u03cd\u03bb\u03bf\u03c5 - \u039c\u03c0\u03c1\u03b9\u03ba\u03ad\u03c4\u03b1 \u0395\u03c1\u03b3\u03bf\u03c3\u03c4\u03ac\u03c3\u03b9\u03bf\" \/>\n<meta property=\"article:modified_time\" content=\"2024-09-05T12:15:53+00:00\" \/>\n<meta property=\"og:image\" content=\"http:\/\/alfapellet.gr\/wp-content\/uploads\/elementor\/thumbs\/pellet-prosfora-qtnd65u3647e618u6bv3nhekbzm8hz7c2w9bp78pzs.jpg\" \/>\n<meta name=\"twitter:card\" content=\"summary_large_image\" \/>\n<script type=\"application\/ld+json\" class=\"yoast-schema-graph\">{\"@context\":\"https:\/\/schema.org\",\"@graph\":[{\"@type\":\"WebPage\",\"@id\":\"https:\/\/alfapellet.gr\/poioita-pellet\/\",\"url\":\"https:\/\/alfapellet.gr\/poioita-pellet\/\",\"name\":\"\u03a0\u03bf\u03b9\u03cc\u03c4\u03b7\u03c4\u03b1 - \u03a0\u03ad\u03bb\u03bb\u03b5\u03c4 \u039e\u03cd\u03bb\u03bf\u03c5 - \u039c\u03c0\u03c1\u03b9\u03ba\u03ad\u03c4\u03b1 \u0395\u03c1\u03b3\u03bf\u03c3\u03c4\u03ac\u03c3\u03b9\u03bf\",\"isPartOf\":{\"@id\":\"https:\/\/alfapellet.gr\/#website\"},\"primaryImageOfPage\":{\"@id\":\"https:\/\/alfapellet.gr\/poioita-pellet\/#primaryimage\"},\"image\":{\"@id\":\"https:\/\/alfapellet.gr\/poioita-pellet\/#primaryimage\"},\"thumbnailUrl\":\"http:\/\/alfapellet.gr\/wp-content\/uploads\/elementor\/thumbs\/pellet-prosfora-qtnd65u3647e618u6bv3nhekbzm8hz7c2w9bp78pzs.jpg\",\"datePublished\":\"2024-09-05T12:14:33+00:00\",\"dateModified\":\"2024-09-05T12:15:53+00:00\",\"breadcrumb\":{\"@id\":\"https:\/\/alfapellet.gr\/poioita-pellet\/#breadcrumb\"},\"inLanguage\":\"fr-FR\",\"potentialAction\":[{\"@type\":\"ReadAction\",\"target\":[\"https:\/\/alfapellet.gr\/poioita-pellet\/\"]}]},{\"@type\":\"ImageObject\",\"inLanguage\":\"fr-FR\",\"@id\":\"https:\/\/alfapellet.gr\/poioita-pellet\/#primaryimage\",\"url\":\"http:\/\/alfapellet.gr\/wp-content\/uploads\/elementor\/thumbs\/pellet-prosfora-qtnd65u3647e618u6bv3nhekbzm8hz7c2w9bp78pzs.jpg\",\"contentUrl\":\"http:\/\/alfapellet.gr\/wp-content\/uploads\/elementor\/thumbs\/pellet-prosfora-qtnd65u3647e618u6bv3nhekbzm8hz7c2w9bp78pzs.jpg\"},{\"@type\":\"BreadcrumbList\",\"@id\":\"https:\/\/alfapellet.gr\/poioita-pellet\/#breadcrumb\",\"itemListElement\":[{\"@type\":\"ListItem\",\"position\":1,\"name\":\"Home\",\"item\":\"https:\/\/alfapellet.gr\/\"},{\"@type\":\"ListItem\",\"position\":2,\"name\":\"\u03a0\u03bf\u03b9\u03cc\u03c4\u03b7\u03c4\u03b1\"}]},{\"@type\":\"WebSite\",\"@id\":\"https:\/\/alfapellet.gr\/#website\",\"url\":\"https:\/\/alfapellet.gr\/\",\"name\":\"\u03a0\u03ad\u03bb\u03bb\u03b5\u03c4 \u039e\u03cd\u03bb\u03bf\u03c5 - \u039c\u03c0\u03c1\u03b9\u03ba\u03ad\u03c4\u03b1 \u0395\u03c1\u03b3\u03bf\u03c3\u03c4\u03ac\u03c3\u03b9\u03bf\",\"description\":\"pellet briquette industry\",\"publisher\":{\"@id\":\"https:\/\/alfapellet.gr\/#organization\"},\"potentialAction\":[{\"@type\":\"SearchAction\",\"target\":{\"@type\":\"EntryPoint\",\"urlTemplate\":\"https:\/\/alfapellet.gr\/?s={search_term_string}\"},\"query-input\":{\"@type\":\"PropertyValueSpecification\",\"valueRequired\":true,\"valueName\":\"search_term_string\"}}],\"inLanguage\":\"fr-FR\"},{\"@type\":\"Organization\",\"@id\":\"https:\/\/alfapellet.gr\/#organization\",\"name\":\"\u03a0\u03ad\u03bb\u03bb\u03b5\u03c4 \u039e\u03cd\u03bb\u03bf\u03c5 - \u039c\u03c0\u03c1\u03b9\u03ba\u03ad\u03c4\u03b1 \u0395\u03c1\u03b3\u03bf\u03c3\u03c4\u03ac\u03c3\u03b9\u03bf\",\"url\":\"https:\/\/alfapellet.gr\/\",\"logo\":{\"@type\":\"ImageObject\",\"inLanguage\":\"fr-FR\",\"@id\":\"https:\/\/alfapellet.gr\/#\/schema\/logo\/image\/\",\"url\":\"https:\/\/alfapellet.gr\/wp-content\/uploads\/2024\/07\/alfa-wood-logo-1.svg\",\"contentUrl\":\"https:\/\/alfapellet.gr\/wp-content\/uploads\/2024\/07\/alfa-wood-logo-1.svg\",\"width\":305,\"height\":195,\"caption\":\"\u03a0\u03ad\u03bb\u03bb\u03b5\u03c4 \u039e\u03cd\u03bb\u03bf\u03c5 - \u039c\u03c0\u03c1\u03b9\u03ba\u03ad\u03c4\u03b1 \u0395\u03c1\u03b3\u03bf\u03c3\u03c4\u03ac\u03c3\u03b9\u03bf\"},\"image\":{\"@id\":\"https:\/\/alfapellet.gr\/#\/schema\/logo\/image\/\"}}]}<\/script>\n<!-- \/ Yoast SEO plugin. -->","yoast_head_json":{"title":"\u03a0\u03bf\u03b9\u03cc\u03c4\u03b7\u03c4\u03b1 - \u03a0\u03ad\u03bb\u03bb\u03b5\u03c4 \u039e\u03cd\u03bb\u03bf\u03c5 - \u039c\u03c0\u03c1\u03b9\u03ba\u03ad\u03c4\u03b1 \u0395\u03c1\u03b3\u03bf\u03c3\u03c4\u03ac\u03c3\u03b9\u03bf","robots":{"index":"index","follow":"follow","max-snippet":"max-snippet:-1","max-image-preview":"max-image-preview:large","max-video-preview":"max-video-preview:-1"},"canonical":"https:\/\/alfapellet.gr\/fr\/poioita-pellet\/","og_locale":"fr_FR","og_type":"article","og_title":"\u03a0\u03bf\u03b9\u03cc\u03c4\u03b7\u03c4\u03b1 - \u03a0\u03ad\u03bb\u03bb\u03b5\u03c4 \u039e\u03cd\u03bb\u03bf\u03c5 - \u039c\u03c0\u03c1\u03b9\u03ba\u03ad\u03c4\u03b1 \u0395\u03c1\u03b3\u03bf\u03c3\u03c4\u03ac\u03c3\u03b9\u03bf","og_description":"Pellet Quallity \u03a0\u03bf\u03b9\u03cc\u03c4\u03b7\u03c4\u03b1 \u03a0\u03ad\u03bb\u03bb\u03b5\u03c4 \u038c\u03bb\u03b1 \u03c4\u03b1 pellets \u03ba\u03b1\u03b9 \u03bf\u03b9 \u03bc\u03c0\u03c1\u03b9\u03ba\u03ad\u03c4\u03b5\u03c2 \u03b4\u03b5\u03bd \u03b5\u03af\u03bd\u03b1\u03b9 \u03af\u03b4\u03b9\u03b1. \u039f\u03b9 \u03c0\u03bf\u03b9\u03bf\u03c4\u03b9\u03ba\u03ad\u03c2 \u03b4\u03b9\u03b1\u03c6\u03bf\u03c1\u03ad\u03c2 \u03bc\u03c0\u03bf\u03c1\u03b5\u03af \u03bd\u03b1 \u03b5\u03af\u03bd\u03b1\u03b9 \u03c4\u03b5\u03c1\u03ac\u03c3\u03c4\u03b9\u03b5\u03c2 \u03bc\u03b5 \u03c3\u03bf\u03b2\u03b1\u03c1\u03cc\u03c4\u03b1\u03c4\u03b5\u03c2 \u03c3\u03c5\u03bd\u03ad\u03c0\u03b5\u03b9\u03b5\u03c2 \u03b3\u03b9\u03b1 \u03c4\u03b7 \u03bb\u03b5\u03b9\u03c4\u03bf\u03c5\u03c1\u03b3\u03af\u03b1 \u03c4\u03c9\u03bd \u03c3\u03c5\u03c3\u03c4\u03b7\u03bc\u03ac\u03c4\u03c9\u03bd \u03b8\u03ad\u03c1\u03bc\u03b1\u03bd\u03c3\u03b7\u03c2. \u0397 \u03c0\u03bf\u03b9\u03cc\u03c4\u03b7\u03c4\u03b1 \u03c4\u03bf\u03c5 \u03bf\u03bc\u03af\u03bb\u03bf\u03c5 Alfa Wood Group \u03ba\u03b9\u03bd\u03b5\u03af\u03c4\u03b1\u03b9 \u03c3\u03c4\u03b9\u03c2 \u03c0\u03c1\u03bf\u03b4\u03b9\u03b1\u03b3\u03c1\u03b1\u03c6\u03ad\u03c2 \u03c0\u03bf\u03b9\u03cc\u03c4\u03b7\u03c4\u03b1\u03c2 \u03c4\u03c9\u03bd \u03c5\u03c8\u03b7\u03bb\u03cc\u03c4\u03b5\u03c1\u03c9\u03bd \u03c0\u03c1\u03bf\u03c4\u03cd\u03c0\u03c9\u03bd, \u03b3\u03b9&#8217; \u0391\u03c5\u03c4\u03cc \u03c4\u03bf \u03bb\u03cc\u03b3\u03bf \u03b9\u03c3\u03c7\u03c5\u03c1\u03b9\u03b6\u03cc\u03bc\u03b1\u03c3\u03c4\u03b5 \u03cc\u03c4\u03b9 \u03c0\u03b1\u03c1\u03ad\u03c7\u03bf\u03c5\u03bc\u03b5 \u03c3\u03c4\u03b7\u03bd \u03b1\u03b3\u03bf\u03c1\u03ac pellets \u03ba\u03b1\u03b9 \u03bc\u03c0\u03c1\u03b9\u03ba\u03ad\u03c4\u03b5\u03c2 [&hellip;]","og_url":"https:\/\/alfapellet.gr\/fr\/poioita-pellet\/","og_site_name":"\u03a0\u03ad\u03bb\u03bb\u03b5\u03c4 \u039e\u03cd\u03bb\u03bf\u03c5 - \u039c\u03c0\u03c1\u03b9\u03ba\u03ad\u03c4\u03b1 \u0395\u03c1\u03b3\u03bf\u03c3\u03c4\u03ac\u03c3\u03b9\u03bf","article_modified_time":"2024-09-05T12:15:53+00:00","og_image":[{"url":"http:\/\/alfapellet.gr\/wp-content\/uploads\/elementor\/thumbs\/pellet-prosfora-qtnd65u3647e618u6bv3nhekbzm8hz7c2w9bp78pzs.jpg","type":"","width":"","height":""}],"twitter_card":"summary_large_image","schema":{"@context":"https:\/\/schema.org","@graph":[{"@type":"WebPage","@id":"https:\/\/alfapellet.gr\/poioita-pellet\/","url":"https:\/\/alfapellet.gr\/poioita-pellet\/","name":"\u03a0\u03bf\u03b9\u03cc\u03c4\u03b7\u03c4\u03b1 - \u03a0\u03ad\u03bb\u03bb\u03b5\u03c4 \u039e\u03cd\u03bb\u03bf\u03c5 - \u039c\u03c0\u03c1\u03b9\u03ba\u03ad\u03c4\u03b1 \u0395\u03c1\u03b3\u03bf\u03c3\u03c4\u03ac\u03c3\u03b9\u03bf","isPartOf":{"@id":"https:\/\/alfapellet.gr\/#website"},"primaryImageOfPage":{"@id":"https:\/\/alfapellet.gr\/poioita-pellet\/#primaryimage"},"image":{"@id":"https:\/\/alfapellet.gr\/poioita-pellet\/#primaryimage"},"thumbnailUrl":"http:\/\/alfapellet.gr\/wp-content\/uploads\/elementor\/thumbs\/pellet-prosfora-qtnd65u3647e618u6bv3nhekbzm8hz7c2w9bp78pzs.jpg","datePublished":"2024-09-05T12:14:33+00:00","dateModified":"2024-09-05T12:15:53+00:00","breadcrumb":{"@id":"https:\/\/alfapellet.gr\/poioita-pellet\/#breadcrumb"},"inLanguage":"fr-FR","potentialAction":[{"@type":"ReadAction","target":["https:\/\/alfapellet.gr\/poioita-pellet\/"]}]},{"@type":"ImageObject","inLanguage":"fr-FR","@id":"https:\/\/alfapellet.gr\/poioita-pellet\/#primaryimage","url":"http:\/\/alfapellet.gr\/wp-content\/uploads\/elementor\/thumbs\/pellet-prosfora-qtnd65u3647e618u6bv3nhekbzm8hz7c2w9bp78pzs.jpg","contentUrl":"http:\/\/alfapellet.gr\/wp-content\/uploads\/elementor\/thumbs\/pellet-prosfora-qtnd65u3647e618u6bv3nhekbzm8hz7c2w9bp78pzs.jpg"},{"@type":"BreadcrumbList","@id":"https:\/\/alfapellet.gr\/poioita-pellet\/#breadcrumb","itemListElement":[{"@type":"ListItem","position":1,"name":"Home","item":"https:\/\/alfapellet.gr\/"},{"@type":"ListItem","position":2,"name":"\u03a0\u03bf\u03b9\u03cc\u03c4\u03b7\u03c4\u03b1"}]},{"@type":"WebSite","@id":"https:\/\/alfapellet.gr\/#website","url":"https:\/\/alfapellet.gr\/","name":"Usine de granul\u00e9s de bois - Briquettes","description":"industrie des briquettes de granul\u00e9s","publisher":{"@id":"https:\/\/alfapellet.gr\/#organization"},"potentialAction":[{"@type":"SearchAction","target":{"@type":"EntryPoint","urlTemplate":"https:\/\/alfapellet.gr\/?s={search_term_string}"},"query-input":{"@type":"PropertyValueSpecification","valueRequired":true,"valueName":"search_term_string"}}],"inLanguage":"fr-FR"},{"@type":"Organization","@id":"https:\/\/alfapellet.gr\/#organization","name":"Usine de granul\u00e9s de bois - Briquettes","url":"https:\/\/alfapellet.gr\/","logo":{"@type":"ImageObject","inLanguage":"fr-FR","@id":"https:\/\/alfapellet.gr\/#\/schema\/logo\/image\/","url":"https:\/\/alfapellet.gr\/wp-content\/uploads\/2024\/07\/alfa-wood-logo-1.svg","contentUrl":"https:\/\/alfapellet.gr\/wp-content\/uploads\/2024\/07\/alfa-wood-logo-1.svg","width":305,"height":195,"caption":"\u03a0\u03ad\u03bb\u03bb\u03b5\u03c4 \u039e\u03cd\u03bb\u03bf\u03c5 - \u039c\u03c0\u03c1\u03b9\u03ba\u03ad\u03c4\u03b1 \u0395\u03c1\u03b3\u03bf\u03c3\u03c4\u03ac\u03c3\u03b9\u03bf"},"image":{"@id":"https:\/\/alfapellet.gr\/#\/schema\/logo\/image\/"}}]}},"_links":{"self":[{"href":"https:\/\/alfapellet.gr\/fr\/wp-json\/wp\/v2\/pages\/41225","targetHints":{"allow":["GET"]}}],"collection":[{"href":"https:\/\/alfapellet.gr\/fr\/wp-json\/wp\/v2\/pages"}],"about":[{"href":"https:\/\/alfapellet.gr\/fr\/wp-json\/wp\/v2\/types\/page"}],"author":[{"embeddable":true,"href":"https:\/\/alfapellet.gr\/fr\/wp-json\/wp\/v2\/users\/1"}],"replies":[{"embeddable":true,"href":"https:\/\/alfapellet.gr\/fr\/wp-json\/wp\/v2\/comments?post=41225"}],"version-history":[{"count":0,"href":"https:\/\/alfapellet.gr\/fr\/wp-json\/wp\/v2\/pages\/41225\/revisions"}],"wp:attachment":[{"href":"https:\/\/alfapellet.gr\/fr\/wp-json\/wp\/v2\/media?parent=41225"}],"curies":[{"name":"wp","href":"https:\/\/api.w.org\/{rel}","templated":true}]}}