{"id":41225,"date":"2024-09-05T15:14:33","date_gmt":"2024-09-05T12:14:33","guid":{"rendered":"https:\/\/pellet2024.alfapellet.gr\/?page_id=41225"},"modified":"2024-09-05T15:15:53","modified_gmt":"2024-09-05T12:15:53","slug":"poioita-pellet","status":"publish","type":"page","link":"https:\/\/alfapellet.gr\/it\/poioita-pellet\/","title":{"rendered":"Qualit\u00e0"},"content":{"rendered":"<div data-elementor-type=\"wp-page\" data-elementor-id=\"41225\" class=\"elementor elementor-41225\" data-elementor-post-type=\"page\">\n\t\t\t\t<div class=\"elementor-element elementor-element-914d64e e-flex e-con-boxed e-con e-parent\" data-id=\"914d64e\" data-element_type=\"container\" data-e-type=\"container\">\n\t\t\t\t\t<div class=\"e-con-inner\">\n\t\t<div class=\"elementor-element elementor-element-da2f0f5 e-con-full e-flex e-con e-child\" data-id=\"da2f0f5\" data-element_type=\"container\" data-e-type=\"container\">\n\t\t\t\t<div class=\"elementor-element elementor-element-9790ab5 lte-heading-style-header-subheader lte-heading-align-tablet-center lte-watermark-offset-1 elementor-widget elementor-widget-lte-header\" data-id=\"9790ab5\" data-element_type=\"widget\" data-e-type=\"widget\" data-widget_type=\"lte-header.default\">\n\t\t\t\t<div class=\"elementor-widget-container\">\n\t\t\t\t\t<div class=\"lte-heading lte-style-header-subheader lte-subcolor-second has-subheader heading-tag-h2 heading-subtag-h6\"><div class=\"lte-heading-content\"><h6 class=\"lte-subheader\">Qualit\u00e0 del pellet<\/h6><h2 class=\"lte-header\">Qualit\u00e0 del pellet<\/h2><\/div><\/div>\t\t\t\t<\/div>\n\t\t\t\t<\/div>\n\t\t\t\t<div class=\"elementor-element elementor-element-4d332cc elementor-widget__width-initial elementor-widget-laptop__width-inherit elementor-widget elementor-widget-text-editor\" data-id=\"4d332cc\" data-element_type=\"widget\" data-e-type=\"widget\" data-widget_type=\"text-editor.default\">\n\t\t\t\t<div class=\"elementor-widget-container\">\n\t\t\t\t\t\t\t\t\t<p><strong>I pellet e i bricchetti non sono tutti uguali.<\/strong><\/p><p>Le differenze qualitative possono essere enormi, con conseguenze molto gravi per il funzionamento degli impianti di riscaldamento.<\/p><p>La qualit\u00e0 del Gruppo Alfa Wood si muove verso specifiche qualitative dei pi\u00f9 alti standard, per questo motivo pretendiamo di fornire al mercato pellet e bricchette che garantiscono il miglior modo di riscaldamento estremamente economico e affidabile senza problemi.<\/p><p>La qualit\u00e0 \u00e8 stata testata e pi\u00f9 di 4 mesi prima di arrivare all&#039;attuale processo di produzione.<\/p><p>Il prodotto finale viene controllato durante tutto il processo produttivo in termini di contenuto di polvere, umidit\u00e0, attrito, densit\u00e0 in modo da poter essere sicuri dell&#039;elevata e stabile qualit\u00e0 del prodotto in uscita dalla fabbrica.<\/p><div class=\"articleBody\"><p><strong>Ci\u00f2 a cui il consumatore dovrebbe prestare attenzione sono i seguenti:<\/strong><\/p><ul><li>L\u2019alto contenuto di umidit\u00e0 aumenta i costi di riscaldamento.<\/li><li>Il minor contenuto di ceneri garantisce una migliore combustione e quindi una minore manutenzione.<\/li><li>Una maggiore densit\u00e0 crea le condizioni per un flusso senza problemi nel bruciatore e significa una maggiore densit\u00e0 di energia.<\/li><\/ul><\/div>\t\t\t\t\t\t\t\t<\/div>\n\t\t\t\t<\/div>\n\t\t<div class=\"elementor-element elementor-element-c9296d4 e-con-full e-flex e-con e-child\" data-id=\"c9296d4\" data-element_type=\"container\" data-e-type=\"container\">\n\t\t\t\t<div class=\"elementor-element elementor-element-de72c51 lte-btn-inline-yes elementor-widget__width-auto elementor-widget elementor-widget-lte-button\" data-id=\"de72c51\" data-element_type=\"widget\" data-e-type=\"widget\" data-widget_type=\"lte-button.default\">\n\t\t\t\t<div class=\"elementor-widget-container\">\n\t\t\t\t\t<div class=\"lte-btn-wrap\">\r\n\t<a href=\"https:\/\/alfapellet.gr\/it\/form-pellet-briquette\/\"  class=\"lte-btn btn-lg color-hover-black\"><span class=\"lte-btn-inner\"><span class=\"lte-btn-before\"><\/span>Modulo di interesse<span class=\"lte-btn-after\"><\/span><\/span><\/a><\/div>\t\t\t\t<\/div>\n\t\t\t\t<\/div>\n\t\t\t\t<div class=\"elementor-element elementor-element-2b7835a lte-btn-inline-yes elementor-widget__width-auto elementor-widget elementor-widget-lte-button\" data-id=\"2b7835a\" data-element_type=\"widget\" data-e-type=\"widget\" data-widget_type=\"lte-button.default\">\n\t\t\t\t<div class=\"elementor-widget-container\">\n\t\t\t\t\t<div class=\"lte-btn-wrap\">\r\n\t<a href=\"tel:801%20700%207273\"  class=\"lte-btn btn-lg btn-transparent color-hover-main hasIcon\"><span class=\"lte-btn-inner\"><span class=\"lte-btn-before\"><\/span><span class=\"lte-icon\"><i aria-hidden=\"true\" class=\"icon icon-phone-1\"><\/i><\/span>+30 6937 487.772<span class=\"lte-btn-after\"><\/span><\/span><\/a><\/div>\t\t\t\t<\/div>\n\t\t\t\t<\/div>\n\t\t\t\t<\/div>\n\t\t\t\t<\/div>\n\t\t<div class=\"elementor-element elementor-element-b998c8d e-con-full e-flex e-con e-child\" data-id=\"b998c8d\" data-element_type=\"container\" data-e-type=\"container\">\n\t\t\t\t<div class=\"elementor-element elementor-element-5e02374 animated-slow lte-animation-speed-slow elementor-invisible elementor-widget elementor-widget-image\" data-id=\"5e02374\" data-element_type=\"widget\" data-e-type=\"widget\" data-settings=\"{&quot;_animation&quot;:&quot;fadeIn&quot;}\" data-widget_type=\"image.default\">\n\t\t\t\t<div class=\"elementor-widget-container\">\n\t\t\t\t\t\t\t\t\t\t\t\t\t\t\t<img decoding=\"async\" src=\"https:\/\/alfapellet.gr\/wp-content\/uploads\/elementor\/thumbs\/pellet-prosfora-qtnd65u3647e618u6bv3nhekbzm8hz7c2w9bp78pzs.jpg\" title=\"pellet-prosfora\" alt=\"pellet-prosfora\" loading=\"lazy\" \/>\t\t\t\t\t\t\t\t\t\t\t\t\t\t\t<\/div>\n\t\t\t\t<\/div>\n\t\t\t\t<div class=\"elementor-element elementor-element-fa0fd19 animated-slow lte-animation-speed-slow elementor-invisible elementor-widget elementor-widget-image\" data-id=\"fa0fd19\" data-element_type=\"widget\" data-e-type=\"widget\" data-settings=\"{&quot;_animation&quot;:&quot;fadeInRight&quot;}\" data-widget_type=\"image.default\">\n\t\t\t\t<div class=\"elementor-widget-container\">\n\t\t\t\t\t\t\t\t\t\t\t\t\t\t\t<img decoding=\"async\" src=\"https:\/\/alfapellet.gr\/wp-content\/uploads\/elementor\/thumbs\/pellet-technical-qtnd69lfxgcjgh3dkdhlxggepj3pcrm9fev9mb35aw.jpg\" title=\"tecnico del pellet\" alt=\"pellet-technical\" loading=\"lazy\" \/>\t\t\t\t\t\t\t\t\t\t\t\t\t\t\t<\/div>\n\t\t\t\t<\/div>\n\t\t\t\t<\/div>\n\t\t\t\t\t<\/div>\n\t\t\t\t<\/div>\n\t\t\t\t<\/div>","protected":false},"excerpt":{"rendered":"<p>Pellet Quallity \u03a0\u03bf\u03b9\u03cc\u03c4\u03b7\u03c4\u03b1 \u03a0\u03ad\u03bb\u03bb\u03b5\u03c4 \u038c\u03bb\u03b1 \u03c4\u03b1 pellets \u03ba\u03b1\u03b9 \u03bf\u03b9 \u03bc\u03c0\u03c1\u03b9\u03ba\u03ad\u03c4\u03b5\u03c2 \u03b4\u03b5\u03bd \u03b5\u03af\u03bd\u03b1\u03b9 \u03af\u03b4\u03b9\u03b1. \u039f\u03b9 \u03c0\u03bf\u03b9\u03bf\u03c4\u03b9\u03ba\u03ad\u03c2 \u03b4\u03b9\u03b1\u03c6\u03bf\u03c1\u03ad\u03c2 \u03bc\u03c0\u03bf\u03c1\u03b5\u03af \u03bd\u03b1 \u03b5\u03af\u03bd\u03b1\u03b9 \u03c4\u03b5\u03c1\u03ac\u03c3\u03c4\u03b9\u03b5\u03c2 \u03bc\u03b5 \u03c3\u03bf\u03b2\u03b1\u03c1\u03cc\u03c4\u03b1\u03c4\u03b5\u03c2 \u03c3\u03c5\u03bd\u03ad\u03c0\u03b5\u03b9\u03b5\u03c2 \u03b3\u03b9\u03b1 \u03c4\u03b7 \u03bb\u03b5\u03b9\u03c4\u03bf\u03c5\u03c1\u03b3\u03af\u03b1 \u03c4\u03c9\u03bd \u03c3\u03c5\u03c3\u03c4\u03b7\u03bc\u03ac\u03c4\u03c9\u03bd \u03b8\u03ad\u03c1\u03bc\u03b1\u03bd\u03c3\u03b7\u03c2. \u0397 \u03c0\u03bf\u03b9\u03cc\u03c4\u03b7\u03c4\u03b1 \u03c4\u03bf\u03c5 \u03bf\u03bc\u03af\u03bb\u03bf\u03c5 Alfa Wood Group \u03ba\u03b9\u03bd\u03b5\u03af\u03c4\u03b1\u03b9 \u03c3\u03c4\u03b9\u03c2 \u03c0\u03c1\u03bf\u03b4\u03b9\u03b1\u03b3\u03c1\u03b1\u03c6\u03ad\u03c2 \u03c0\u03bf\u03b9\u03cc\u03c4\u03b7\u03c4\u03b1\u03c2 \u03c4\u03c9\u03bd \u03c5\u03c8\u03b7\u03bb\u03cc\u03c4\u03b5\u03c1\u03c9\u03bd \u03c0\u03c1\u03bf\u03c4\u03cd\u03c0\u03c9\u03bd, \u03b3\u03b9&#8217; \u0391\u03c5\u03c4\u03cc \u03c4\u03bf \u03bb\u03cc\u03b3\u03bf \u03b9\u03c3\u03c7\u03c5\u03c1\u03b9\u03b6\u03cc\u03bc\u03b1\u03c3\u03c4\u03b5 \u03cc\u03c4\u03b9 \u03c0\u03b1\u03c1\u03ad\u03c7\u03bf\u03c5\u03bc\u03b5 \u03c3\u03c4\u03b7\u03bd \u03b1\u03b3\u03bf\u03c1\u03ac pellets \u03ba\u03b1\u03b9 \u03bc\u03c0\u03c1\u03b9\u03ba\u03ad\u03c4\u03b5\u03c2 [&hellip;]<\/p>\n","protected":false},"author":1,"featured_media":0,"parent":0,"menu_order":0,"comment_status":"closed","ping_status":"closed","template":"page-templates\/full-width.php","meta":{"footnotes":""},"class_list":["post-41225","page","type-page","status-publish","hentry"],"yoast_head":"<!-- This site is optimized with the Yoast SEO plugin v27.0 - https:\/\/yoast.com\/product\/yoast-seo-wordpress\/ -->\n<title>\u03a0\u03bf\u03b9\u03cc\u03c4\u03b7\u03c4\u03b1 - \u03a0\u03ad\u03bb\u03bb\u03b5\u03c4 \u039e\u03cd\u03bb\u03bf\u03c5 - \u039c\u03c0\u03c1\u03b9\u03ba\u03ad\u03c4\u03b1 \u0395\u03c1\u03b3\u03bf\u03c3\u03c4\u03ac\u03c3\u03b9\u03bf<\/title>\n<meta name=\"robots\" content=\"index, follow, max-snippet:-1, max-image-preview:large, max-video-preview:-1\" \/>\n<link rel=\"canonical\" href=\"https:\/\/alfapellet.gr\/it\/poioita-pellet\/\" \/>\n<meta property=\"og:locale\" content=\"it_IT\" \/>\n<meta property=\"og:type\" content=\"article\" \/>\n<meta property=\"og:title\" content=\"\u03a0\u03bf\u03b9\u03cc\u03c4\u03b7\u03c4\u03b1 - \u03a0\u03ad\u03bb\u03bb\u03b5\u03c4 \u039e\u03cd\u03bb\u03bf\u03c5 - \u039c\u03c0\u03c1\u03b9\u03ba\u03ad\u03c4\u03b1 \u0395\u03c1\u03b3\u03bf\u03c3\u03c4\u03ac\u03c3\u03b9\u03bf\" \/>\n<meta property=\"og:description\" content=\"Pellet Quallity \u03a0\u03bf\u03b9\u03cc\u03c4\u03b7\u03c4\u03b1 \u03a0\u03ad\u03bb\u03bb\u03b5\u03c4 \u038c\u03bb\u03b1 \u03c4\u03b1 pellets \u03ba\u03b1\u03b9 \u03bf\u03b9 \u03bc\u03c0\u03c1\u03b9\u03ba\u03ad\u03c4\u03b5\u03c2 \u03b4\u03b5\u03bd \u03b5\u03af\u03bd\u03b1\u03b9 \u03af\u03b4\u03b9\u03b1. \u039f\u03b9 \u03c0\u03bf\u03b9\u03bf\u03c4\u03b9\u03ba\u03ad\u03c2 \u03b4\u03b9\u03b1\u03c6\u03bf\u03c1\u03ad\u03c2 \u03bc\u03c0\u03bf\u03c1\u03b5\u03af \u03bd\u03b1 \u03b5\u03af\u03bd\u03b1\u03b9 \u03c4\u03b5\u03c1\u03ac\u03c3\u03c4\u03b9\u03b5\u03c2 \u03bc\u03b5 \u03c3\u03bf\u03b2\u03b1\u03c1\u03cc\u03c4\u03b1\u03c4\u03b5\u03c2 \u03c3\u03c5\u03bd\u03ad\u03c0\u03b5\u03b9\u03b5\u03c2 \u03b3\u03b9\u03b1 \u03c4\u03b7 \u03bb\u03b5\u03b9\u03c4\u03bf\u03c5\u03c1\u03b3\u03af\u03b1 \u03c4\u03c9\u03bd \u03c3\u03c5\u03c3\u03c4\u03b7\u03bc\u03ac\u03c4\u03c9\u03bd \u03b8\u03ad\u03c1\u03bc\u03b1\u03bd\u03c3\u03b7\u03c2. \u0397 \u03c0\u03bf\u03b9\u03cc\u03c4\u03b7\u03c4\u03b1 \u03c4\u03bf\u03c5 \u03bf\u03bc\u03af\u03bb\u03bf\u03c5 Alfa Wood Group \u03ba\u03b9\u03bd\u03b5\u03af\u03c4\u03b1\u03b9 \u03c3\u03c4\u03b9\u03c2 \u03c0\u03c1\u03bf\u03b4\u03b9\u03b1\u03b3\u03c1\u03b1\u03c6\u03ad\u03c2 \u03c0\u03bf\u03b9\u03cc\u03c4\u03b7\u03c4\u03b1\u03c2 \u03c4\u03c9\u03bd \u03c5\u03c8\u03b7\u03bb\u03cc\u03c4\u03b5\u03c1\u03c9\u03bd \u03c0\u03c1\u03bf\u03c4\u03cd\u03c0\u03c9\u03bd, \u03b3\u03b9&#8217; \u0391\u03c5\u03c4\u03cc \u03c4\u03bf \u03bb\u03cc\u03b3\u03bf \u03b9\u03c3\u03c7\u03c5\u03c1\u03b9\u03b6\u03cc\u03bc\u03b1\u03c3\u03c4\u03b5 \u03cc\u03c4\u03b9 \u03c0\u03b1\u03c1\u03ad\u03c7\u03bf\u03c5\u03bc\u03b5 \u03c3\u03c4\u03b7\u03bd \u03b1\u03b3\u03bf\u03c1\u03ac pellets \u03ba\u03b1\u03b9 \u03bc\u03c0\u03c1\u03b9\u03ba\u03ad\u03c4\u03b5\u03c2 [&hellip;]\" \/>\n<meta property=\"og:url\" content=\"https:\/\/alfapellet.gr\/it\/poioita-pellet\/\" \/>\n<meta property=\"og:site_name\" content=\"\u03a0\u03ad\u03bb\u03bb\u03b5\u03c4 \u039e\u03cd\u03bb\u03bf\u03c5 - \u039c\u03c0\u03c1\u03b9\u03ba\u03ad\u03c4\u03b1 \u0395\u03c1\u03b3\u03bf\u03c3\u03c4\u03ac\u03c3\u03b9\u03bf\" \/>\n<meta property=\"article:modified_time\" content=\"2024-09-05T12:15:53+00:00\" \/>\n<meta property=\"og:image\" content=\"http:\/\/alfapellet.gr\/wp-content\/uploads\/elementor\/thumbs\/pellet-prosfora-qtnd65u3647e618u6bv3nhekbzm8hz7c2w9bp78pzs.jpg\" \/>\n<meta name=\"twitter:card\" content=\"summary_large_image\" \/>\n<script type=\"application\/ld+json\" class=\"yoast-schema-graph\">{\"@context\":\"https:\/\/schema.org\",\"@graph\":[{\"@type\":\"WebPage\",\"@id\":\"https:\/\/alfapellet.gr\/poioita-pellet\/\",\"url\":\"https:\/\/alfapellet.gr\/poioita-pellet\/\",\"name\":\"\u03a0\u03bf\u03b9\u03cc\u03c4\u03b7\u03c4\u03b1 - \u03a0\u03ad\u03bb\u03bb\u03b5\u03c4 \u039e\u03cd\u03bb\u03bf\u03c5 - \u039c\u03c0\u03c1\u03b9\u03ba\u03ad\u03c4\u03b1 \u0395\u03c1\u03b3\u03bf\u03c3\u03c4\u03ac\u03c3\u03b9\u03bf\",\"isPartOf\":{\"@id\":\"https:\/\/alfapellet.gr\/#website\"},\"primaryImageOfPage\":{\"@id\":\"https:\/\/alfapellet.gr\/poioita-pellet\/#primaryimage\"},\"image\":{\"@id\":\"https:\/\/alfapellet.gr\/poioita-pellet\/#primaryimage\"},\"thumbnailUrl\":\"http:\/\/alfapellet.gr\/wp-content\/uploads\/elementor\/thumbs\/pellet-prosfora-qtnd65u3647e618u6bv3nhekbzm8hz7c2w9bp78pzs.jpg\",\"datePublished\":\"2024-09-05T12:14:33+00:00\",\"dateModified\":\"2024-09-05T12:15:53+00:00\",\"breadcrumb\":{\"@id\":\"https:\/\/alfapellet.gr\/poioita-pellet\/#breadcrumb\"},\"inLanguage\":\"it-IT\",\"potentialAction\":[{\"@type\":\"ReadAction\",\"target\":[\"https:\/\/alfapellet.gr\/poioita-pellet\/\"]}]},{\"@type\":\"ImageObject\",\"inLanguage\":\"it-IT\",\"@id\":\"https:\/\/alfapellet.gr\/poioita-pellet\/#primaryimage\",\"url\":\"http:\/\/alfapellet.gr\/wp-content\/uploads\/elementor\/thumbs\/pellet-prosfora-qtnd65u3647e618u6bv3nhekbzm8hz7c2w9bp78pzs.jpg\",\"contentUrl\":\"http:\/\/alfapellet.gr\/wp-content\/uploads\/elementor\/thumbs\/pellet-prosfora-qtnd65u3647e618u6bv3nhekbzm8hz7c2w9bp78pzs.jpg\"},{\"@type\":\"BreadcrumbList\",\"@id\":\"https:\/\/alfapellet.gr\/poioita-pellet\/#breadcrumb\",\"itemListElement\":[{\"@type\":\"ListItem\",\"position\":1,\"name\":\"Home\",\"item\":\"https:\/\/alfapellet.gr\/\"},{\"@type\":\"ListItem\",\"position\":2,\"name\":\"\u03a0\u03bf\u03b9\u03cc\u03c4\u03b7\u03c4\u03b1\"}]},{\"@type\":\"WebSite\",\"@id\":\"https:\/\/alfapellet.gr\/#website\",\"url\":\"https:\/\/alfapellet.gr\/\",\"name\":\"\u03a0\u03ad\u03bb\u03bb\u03b5\u03c4 \u039e\u03cd\u03bb\u03bf\u03c5 - \u039c\u03c0\u03c1\u03b9\u03ba\u03ad\u03c4\u03b1 \u0395\u03c1\u03b3\u03bf\u03c3\u03c4\u03ac\u03c3\u03b9\u03bf\",\"description\":\"pellet briquette industry\",\"publisher\":{\"@id\":\"https:\/\/alfapellet.gr\/#organization\"},\"potentialAction\":[{\"@type\":\"SearchAction\",\"target\":{\"@type\":\"EntryPoint\",\"urlTemplate\":\"https:\/\/alfapellet.gr\/?s={search_term_string}\"},\"query-input\":{\"@type\":\"PropertyValueSpecification\",\"valueRequired\":true,\"valueName\":\"search_term_string\"}}],\"inLanguage\":\"it-IT\"},{\"@type\":\"Organization\",\"@id\":\"https:\/\/alfapellet.gr\/#organization\",\"name\":\"\u03a0\u03ad\u03bb\u03bb\u03b5\u03c4 \u039e\u03cd\u03bb\u03bf\u03c5 - \u039c\u03c0\u03c1\u03b9\u03ba\u03ad\u03c4\u03b1 \u0395\u03c1\u03b3\u03bf\u03c3\u03c4\u03ac\u03c3\u03b9\u03bf\",\"url\":\"https:\/\/alfapellet.gr\/\",\"logo\":{\"@type\":\"ImageObject\",\"inLanguage\":\"it-IT\",\"@id\":\"https:\/\/alfapellet.gr\/#\/schema\/logo\/image\/\",\"url\":\"https:\/\/alfapellet.gr\/wp-content\/uploads\/2024\/07\/alfa-wood-logo-1.svg\",\"contentUrl\":\"https:\/\/alfapellet.gr\/wp-content\/uploads\/2024\/07\/alfa-wood-logo-1.svg\",\"width\":305,\"height\":195,\"caption\":\"\u03a0\u03ad\u03bb\u03bb\u03b5\u03c4 \u039e\u03cd\u03bb\u03bf\u03c5 - \u039c\u03c0\u03c1\u03b9\u03ba\u03ad\u03c4\u03b1 \u0395\u03c1\u03b3\u03bf\u03c3\u03c4\u03ac\u03c3\u03b9\u03bf\"},\"image\":{\"@id\":\"https:\/\/alfapellet.gr\/#\/schema\/logo\/image\/\"}}]}<\/script>\n<!-- \/ Yoast SEO plugin. -->","yoast_head_json":{"title":"\u03a0\u03bf\u03b9\u03cc\u03c4\u03b7\u03c4\u03b1 - \u03a0\u03ad\u03bb\u03bb\u03b5\u03c4 \u039e\u03cd\u03bb\u03bf\u03c5 - \u039c\u03c0\u03c1\u03b9\u03ba\u03ad\u03c4\u03b1 \u0395\u03c1\u03b3\u03bf\u03c3\u03c4\u03ac\u03c3\u03b9\u03bf","robots":{"index":"index","follow":"follow","max-snippet":"max-snippet:-1","max-image-preview":"max-image-preview:large","max-video-preview":"max-video-preview:-1"},"canonical":"https:\/\/alfapellet.gr\/it\/poioita-pellet\/","og_locale":"it_IT","og_type":"article","og_title":"\u03a0\u03bf\u03b9\u03cc\u03c4\u03b7\u03c4\u03b1 - \u03a0\u03ad\u03bb\u03bb\u03b5\u03c4 \u039e\u03cd\u03bb\u03bf\u03c5 - \u039c\u03c0\u03c1\u03b9\u03ba\u03ad\u03c4\u03b1 \u0395\u03c1\u03b3\u03bf\u03c3\u03c4\u03ac\u03c3\u03b9\u03bf","og_description":"Pellet Quallity \u03a0\u03bf\u03b9\u03cc\u03c4\u03b7\u03c4\u03b1 \u03a0\u03ad\u03bb\u03bb\u03b5\u03c4 \u038c\u03bb\u03b1 \u03c4\u03b1 pellets \u03ba\u03b1\u03b9 \u03bf\u03b9 \u03bc\u03c0\u03c1\u03b9\u03ba\u03ad\u03c4\u03b5\u03c2 \u03b4\u03b5\u03bd \u03b5\u03af\u03bd\u03b1\u03b9 \u03af\u03b4\u03b9\u03b1. \u039f\u03b9 \u03c0\u03bf\u03b9\u03bf\u03c4\u03b9\u03ba\u03ad\u03c2 \u03b4\u03b9\u03b1\u03c6\u03bf\u03c1\u03ad\u03c2 \u03bc\u03c0\u03bf\u03c1\u03b5\u03af \u03bd\u03b1 \u03b5\u03af\u03bd\u03b1\u03b9 \u03c4\u03b5\u03c1\u03ac\u03c3\u03c4\u03b9\u03b5\u03c2 \u03bc\u03b5 \u03c3\u03bf\u03b2\u03b1\u03c1\u03cc\u03c4\u03b1\u03c4\u03b5\u03c2 \u03c3\u03c5\u03bd\u03ad\u03c0\u03b5\u03b9\u03b5\u03c2 \u03b3\u03b9\u03b1 \u03c4\u03b7 \u03bb\u03b5\u03b9\u03c4\u03bf\u03c5\u03c1\u03b3\u03af\u03b1 \u03c4\u03c9\u03bd \u03c3\u03c5\u03c3\u03c4\u03b7\u03bc\u03ac\u03c4\u03c9\u03bd \u03b8\u03ad\u03c1\u03bc\u03b1\u03bd\u03c3\u03b7\u03c2. \u0397 \u03c0\u03bf\u03b9\u03cc\u03c4\u03b7\u03c4\u03b1 \u03c4\u03bf\u03c5 \u03bf\u03bc\u03af\u03bb\u03bf\u03c5 Alfa Wood Group \u03ba\u03b9\u03bd\u03b5\u03af\u03c4\u03b1\u03b9 \u03c3\u03c4\u03b9\u03c2 \u03c0\u03c1\u03bf\u03b4\u03b9\u03b1\u03b3\u03c1\u03b1\u03c6\u03ad\u03c2 \u03c0\u03bf\u03b9\u03cc\u03c4\u03b7\u03c4\u03b1\u03c2 \u03c4\u03c9\u03bd \u03c5\u03c8\u03b7\u03bb\u03cc\u03c4\u03b5\u03c1\u03c9\u03bd \u03c0\u03c1\u03bf\u03c4\u03cd\u03c0\u03c9\u03bd, \u03b3\u03b9&#8217; \u0391\u03c5\u03c4\u03cc \u03c4\u03bf \u03bb\u03cc\u03b3\u03bf \u03b9\u03c3\u03c7\u03c5\u03c1\u03b9\u03b6\u03cc\u03bc\u03b1\u03c3\u03c4\u03b5 \u03cc\u03c4\u03b9 \u03c0\u03b1\u03c1\u03ad\u03c7\u03bf\u03c5\u03bc\u03b5 \u03c3\u03c4\u03b7\u03bd \u03b1\u03b3\u03bf\u03c1\u03ac pellets \u03ba\u03b1\u03b9 \u03bc\u03c0\u03c1\u03b9\u03ba\u03ad\u03c4\u03b5\u03c2 [&hellip;]","og_url":"https:\/\/alfapellet.gr\/it\/poioita-pellet\/","og_site_name":"\u03a0\u03ad\u03bb\u03bb\u03b5\u03c4 \u039e\u03cd\u03bb\u03bf\u03c5 - \u039c\u03c0\u03c1\u03b9\u03ba\u03ad\u03c4\u03b1 \u0395\u03c1\u03b3\u03bf\u03c3\u03c4\u03ac\u03c3\u03b9\u03bf","article_modified_time":"2024-09-05T12:15:53+00:00","og_image":[{"url":"http:\/\/alfapellet.gr\/wp-content\/uploads\/elementor\/thumbs\/pellet-prosfora-qtnd65u3647e618u6bv3nhekbzm8hz7c2w9bp78pzs.jpg","type":"","width":"","height":""}],"twitter_card":"summary_large_image","schema":{"@context":"https:\/\/schema.org","@graph":[{"@type":"WebPage","@id":"https:\/\/alfapellet.gr\/poioita-pellet\/","url":"https:\/\/alfapellet.gr\/poioita-pellet\/","name":"\u03a0\u03bf\u03b9\u03cc\u03c4\u03b7\u03c4\u03b1 - \u03a0\u03ad\u03bb\u03bb\u03b5\u03c4 \u039e\u03cd\u03bb\u03bf\u03c5 - \u039c\u03c0\u03c1\u03b9\u03ba\u03ad\u03c4\u03b1 \u0395\u03c1\u03b3\u03bf\u03c3\u03c4\u03ac\u03c3\u03b9\u03bf","isPartOf":{"@id":"https:\/\/alfapellet.gr\/#website"},"primaryImageOfPage":{"@id":"https:\/\/alfapellet.gr\/poioita-pellet\/#primaryimage"},"image":{"@id":"https:\/\/alfapellet.gr\/poioita-pellet\/#primaryimage"},"thumbnailUrl":"http:\/\/alfapellet.gr\/wp-content\/uploads\/elementor\/thumbs\/pellet-prosfora-qtnd65u3647e618u6bv3nhekbzm8hz7c2w9bp78pzs.jpg","datePublished":"2024-09-05T12:14:33+00:00","dateModified":"2024-09-05T12:15:53+00:00","breadcrumb":{"@id":"https:\/\/alfapellet.gr\/poioita-pellet\/#breadcrumb"},"inLanguage":"it-IT","potentialAction":[{"@type":"ReadAction","target":["https:\/\/alfapellet.gr\/poioita-pellet\/"]}]},{"@type":"ImageObject","inLanguage":"it-IT","@id":"https:\/\/alfapellet.gr\/poioita-pellet\/#primaryimage","url":"http:\/\/alfapellet.gr\/wp-content\/uploads\/elementor\/thumbs\/pellet-prosfora-qtnd65u3647e618u6bv3nhekbzm8hz7c2w9bp78pzs.jpg","contentUrl":"http:\/\/alfapellet.gr\/wp-content\/uploads\/elementor\/thumbs\/pellet-prosfora-qtnd65u3647e618u6bv3nhekbzm8hz7c2w9bp78pzs.jpg"},{"@type":"BreadcrumbList","@id":"https:\/\/alfapellet.gr\/poioita-pellet\/#breadcrumb","itemListElement":[{"@type":"ListItem","position":1,"name":"Home","item":"https:\/\/alfapellet.gr\/"},{"@type":"ListItem","position":2,"name":"\u03a0\u03bf\u03b9\u03cc\u03c4\u03b7\u03c4\u03b1"}]},{"@type":"WebSite","@id":"https:\/\/alfapellet.gr\/#website","url":"https:\/\/alfapellet.gr\/","name":"Pellet di legno - Fabbrica di bricchette","description":"industria delle bricchette di pellet","publisher":{"@id":"https:\/\/alfapellet.gr\/#organization"},"potentialAction":[{"@type":"SearchAction","target":{"@type":"EntryPoint","urlTemplate":"https:\/\/alfapellet.gr\/?s={search_term_string}"},"query-input":{"@type":"PropertyValueSpecification","valueRequired":true,"valueName":"search_term_string"}}],"inLanguage":"it-IT"},{"@type":"Organization","@id":"https:\/\/alfapellet.gr\/#organization","name":"Pellet di legno - Fabbrica di bricchette","url":"https:\/\/alfapellet.gr\/","logo":{"@type":"ImageObject","inLanguage":"it-IT","@id":"https:\/\/alfapellet.gr\/#\/schema\/logo\/image\/","url":"https:\/\/alfapellet.gr\/wp-content\/uploads\/2024\/07\/alfa-wood-logo-1.svg","contentUrl":"https:\/\/alfapellet.gr\/wp-content\/uploads\/2024\/07\/alfa-wood-logo-1.svg","width":305,"height":195,"caption":"\u03a0\u03ad\u03bb\u03bb\u03b5\u03c4 \u039e\u03cd\u03bb\u03bf\u03c5 - \u039c\u03c0\u03c1\u03b9\u03ba\u03ad\u03c4\u03b1 \u0395\u03c1\u03b3\u03bf\u03c3\u03c4\u03ac\u03c3\u03b9\u03bf"},"image":{"@id":"https:\/\/alfapellet.gr\/#\/schema\/logo\/image\/"}}]}},"_links":{"self":[{"href":"https:\/\/alfapellet.gr\/it\/wp-json\/wp\/v2\/pages\/41225","targetHints":{"allow":["GET"]}}],"collection":[{"href":"https:\/\/alfapellet.gr\/it\/wp-json\/wp\/v2\/pages"}],"about":[{"href":"https:\/\/alfapellet.gr\/it\/wp-json\/wp\/v2\/types\/page"}],"author":[{"embeddable":true,"href":"https:\/\/alfapellet.gr\/it\/wp-json\/wp\/v2\/users\/1"}],"replies":[{"embeddable":true,"href":"https:\/\/alfapellet.gr\/it\/wp-json\/wp\/v2\/comments?post=41225"}],"version-history":[{"count":0,"href":"https:\/\/alfapellet.gr\/it\/wp-json\/wp\/v2\/pages\/41225\/revisions"}],"wp:attachment":[{"href":"https:\/\/alfapellet.gr\/it\/wp-json\/wp\/v2\/media?parent=41225"}],"curies":[{"name":"parola chiave","href":"https:\/\/api.w.org\/{rel}","templated":true}]}}